{"id":855,"date":"2023-01-24T14:57:36","date_gmt":"2023-01-24T13:57:36","guid":{"rendered":"https:\/\/dev.everpress.everapps.dev\/agb\/"},"modified":"2025-10-29T11:00:18","modified_gmt":"2025-10-29T10:00:18","slug":"agb","status":"publish","type":"page","link":"https:\/\/www.meissner-schaustellerbedarf.de\/shop\/agb\/","title":{"rendered":"AGB"},"content":{"rendered":"<div class=\"ep-content-dynamic  bg-light space \"><div class=\"row   default-start default-top\"><h1 class=\"col align-left\">Allgemeine Gesch\u00e4ftsbedingungen  <span class=\"subline\">Stand: 01.08.2025<\/span><\/h1><div class=\"col \"><h3>Vertragsschluss<\/h3>\n<p>Die Darstellung der Produkte im Online-Shop stellt kein rechtlich bindendes Angebot, sondern einen unverbindlichen Online-Katalog dar. Nach Eingabe Ihrer pers\u00f6nlichen Daten und durch Klicken des Buttons \u201eBestellung abschlie\u00dfen\u201c im abschlie\u00dfenden Schritt des Bestellprozesses geben Sie eine verbindliche Bestellung der im Warenkorb enthaltenen Waren ab. Die Best\u00e4tigung des Eingangs der Bestellung folgt unmittelbar nach dem Absenden der Bestellung. Der Kaufvertrag kommt mit unserer Auslieferungsbest\u00e4tigung oder Lieferung der Waren zustande. Sollten Sie binnen 2 Wochen keine Auslieferungsbest\u00e4tigung oder Lieferung von uns erhalten, sind Sie nicht mehr an Ihre Bestellung gebunden.<\/p>\n<h3>Teillieferungen<\/h3>\n<p>Wir sind zu Teillieferungen berechtigt, soweit dies f\u00fcr Sie zumutbar ist. Zus\u00e4tzliche Versandkosten entstehen nur bei ausdr\u00fccklicher Vereinbarung.<\/p>\n<h3>Eigentumsvorbehalt<\/h3>\n<p>Die gelieferte Ware bleibt bis zur vollst\u00e4ndigen Bezahlung unser Eigentum.<\/p>\n<h3>Preise<\/h3>\n<p>Unsere Preise verstehen sich grunds\u00e4tzlich netto<\/p>\n<h3>Eigentumsvorbehalt<\/h3>\n<p>Die gelieferte Ware bleibt bis zur vollst\u00e4ndigen Bezahlung unser Eigentum. Wird unser Eigentum durch irgendeine Weise beeintr\u00e4chtigt, z. B. Pf\u00e4ndung, Besch\u00e4digung, so hat der Vertragspartner unverz\u00fcglich den Dritten auf unser Eigentum hinzuweisen und durch \u00dcbersendung der Vertr\u00e4ge uns \u00fcber die Beeintr\u00e4chtigung zu informieren. Solange eine Forderung unsererseits besteht, sind wir berechtigt, vom Vertragspartner Auskunft zu verlangen, welche von uns gelieferte Ware noch in seinem Besitz ist und wo sie sich befindet. Wir sind ferner berechtigt, diese Ware jederzeit an der Stelle, an der sie sich befindet, zu besichtigen und zur\u00fcckzuholen.<\/p>\n<h3>Gew\u00e4hrleistung<\/h3>\n<p>Etwaige Beanstandungen m\u00fcssen unverz\u00fcglich, sp\u00e4testens jedoch innerhalb von 7 Tagen nach Wareneingang schriftlich angemeldet werden. Sp\u00e4tere Gew\u00e4hrleistungsanspr\u00fcche k\u00f6nnen wir nicht mehr ber\u00fccksichtigen. Die R\u00fccksendung mangelhafter, defekter oder falscher Ware bedarf unserer schriftlichen Zustimmung. Im Falle von M\u00e4ngeln sind wir lediglich zur Nachbesserung oder Ersatzlieferung verpflichtet. Die Anspr\u00fcche auf Wandlung des Kaufvertrages und Minderung des Kaufpreises sind ausgeschlossen, es sei denn, eine Ersatzlieferung oder Nachbesserung ist uns in angemessener Frist unm\u00f6glich. Ein Anspruch des Vertragspartners auf Schadenersatz besteht nicht. Solange der Vertragspartner seiner Pflicht zur Abnahme und vollst\u00e4ndigen Bezahlung der Ware nicht vollst\u00e4ndig nachgekommen ist, sind wir zur Nacherf\u00fcllung nicht verpflichtet.<\/p>\n<h3>Erf\u00fcllungsort, Gerichtsstand<\/h3>\n<p>Erf\u00fcllungsort f\u00fcr beide Teile ist Gera. Sollten einzelne der vorstehenden Bedingungen insgesamt oder teilweise nichtig, unwirksam oder undurchf\u00fchrbar sein oder werden, wird hierdurch die Wirksamkeit der \u00fcbrigen Bestimmungen nicht ber\u00fchrt.<\/p>\n<h3>Streitbeilegungsverfahren<\/h3>\n<p>Wir sind nicht bereit oder verpflichtet, an Streitbeilegungsverfahren vor einer Verbraucherschlichtungsstelle teilzunehmen.<\/p>\n<p>Stand: 01.08.2025<\/p>\n<\/div><\/div><\/div>","protected":false},"excerpt":{"rendered":"","protected":false},"author":1,"featured_media":0,"parent":0,"menu_order":0,"comment_status":"closed","ping_status":"closed","template":"","meta":{"_acf_changed":false,"footnotes":""},"class_list":["post-855","page","type-page","status-publish","hentry"],"acf":[],"_links":{"self":[{"href":"https:\/\/www.meissner-schaustellerbedarf.de\/shop\/wp-json\/wp\/v2\/pages\/855"}],"collection":[{"href":"https:\/\/www.meissner-schaustellerbedarf.de\/shop\/wp-json\/wp\/v2\/pages"}],"about":[{"href":"https:\/\/www.meissner-schaustellerbedarf.de\/shop\/wp-json\/wp\/v2\/types\/page"}],"author":[{"embeddable":true,"href":"https:\/\/www.meissner-schaustellerbedarf.de\/shop\/wp-json\/wp\/v2\/users\/1"}],"replies":[{"embeddable":true,"href":"https:\/\/www.meissner-schaustellerbedarf.de\/shop\/wp-json\/wp\/v2\/comments?post=855"}],"version-history":[{"count":3,"href":"https:\/\/www.meissner-schaustellerbedarf.de\/shop\/wp-json\/wp\/v2\/pages\/855\/revisions"}],"predecessor-version":[{"id":11475,"href":"https:\/\/www.meissner-schaustellerbedarf.de\/shop\/wp-json\/wp\/v2\/pages\/855\/revisions\/11475"}],"wp:attachment":[{"href":"https:\/\/www.meissner-schaustellerbedarf.de\/shop\/wp-json\/wp\/v2\/media?parent=855"}],"curies":[{"name":"wp","href":"https:\/\/api.w.org\/{rel}","templated":true}]}}